{"id":151,"date":"2019-12-13T21:10:15","date_gmt":"2019-12-13T21:10:15","guid":{"rendered":"http:\/\/vierjemee.info\/?page_id=151"},"modified":"2019-12-21T23:09:13","modified_gmt":"2019-12-21T23:09:13","slug":"beeldmateriaal-2019","status":"publish","type":"page","link":"http:\/\/vierjemee.info\/?page_id=151","title":{"rendered":"Verslag met beeldmateriaal 2019"},"content":{"rendered":"\n<p>Kerstfeest 2019<br><em>Dit is het tweede jaar dat we dit organiseren. Dit jaar wilden we graag de ouderen, die veelal alleen zijn met de kerst, in het zonnetje zetten. Wat hebben we genoten met alle lieve gasten, hardwerkende vrijwilligers en de band Back2basic.<\/em><br><em><br>We hebben een prachtige locatie kunnen vinden in Den Haag, het wijkgebouw Altheto.<br>Wederom hebben we heel veel hulp gehad uit diverse hoeken;<br>Cardia heeft voor een aantal gasten gezorgd m\u00e9t vervoer, mensen hebben zich aangemeld in samenwerking met Vraagelkaar, V\u00f3\u00f3r Welzijn, Stichting Eykenburg, en via via. De band Back2basic bracht een gezellige sfeer aan de avond, deze werd voor een groot deel gesponsord. <\/em><br><em>Een gedeelte van het menu werd gesponsord door restaurant Spijs uit Den Haag. Er was een vrijwilliger die voor alle gasten een speciale &#8216;Vier je mee&#8217; kerstbal heeft gemaakt. De Grinch kwam ook nog even langs met wat entertainment. En we hebben donaties ontvangen uit heel veel verschillende hoeken, Compactsolar, Pret in Herstel, onze vriendin Bettina is met haar pet rondgegaan en nog vele anderen die ons hebben gesteund hierin.<\/em><br><br><em>Het was met \u00e9\u00e9n woord Geweldig!!<\/em><br><br>Liefs, Gregory en Linda <\/p>\n\n\n\n<figure class=\"wp-block-image size-large is-style-circle-mask\"><img loading=\"lazy\" width=\"720\" height=\"960\" src=\"http:\/\/vierjemee.info\/wp-content\/uploads\/2019\/12\/80104035_10222342977590104_8097745766673547264_n-1.jpg\" alt=\"\" class=\"wp-image-180\" srcset=\"http:\/\/vierjemee.info\/wp-content\/uploads\/2019\/12\/80104035_10222342977590104_8097745766673547264_n-1.jpg 720w, http:\/\/vierjemee.info\/wp-content\/uploads\/2019\/12\/80104035_10222342977590104_8097745766673547264_n-1-225x300.jpg 225w\" sizes=\"(max-width: 720px) 100vw, 720px\" \/><\/figure>\n\n\n\n<figure class=\"wp-block-image size-large\"><img loading=\"lazy\" width=\"497\" height=\"1024\" src=\"http:\/\/vierjemee.info\/wp-content\/uploads\/2019\/12\/IMG-20191220-WA0027-497x1024.jpg\" alt=\"\" class=\"wp-image-177\" srcset=\"http:\/\/vierjemee.info\/wp-content\/uploads\/2019\/12\/IMG-20191220-WA0027-497x1024.jpg 497w, http:\/\/vierjemee.info\/wp-content\/uploads\/2019\/12\/IMG-20191220-WA0027-146x300.jpg 146w, http:\/\/vierjemee.info\/wp-content\/uploads\/2019\/12\/IMG-20191220-WA0027-768x1581.jpg 768w, http:\/\/vierjemee.info\/wp-content\/uploads\/2019\/12\/IMG-20191220-WA0027-746x1536.jpg 746w, http:\/\/vierjemee.info\/wp-content\/uploads\/2019\/12\/IMG-20191220-WA0027.jpg 777w\" sizes=\"(max-width: 497px) 100vw, 497px\" \/><\/figure>\n\n\n\n<figure class=\"wp-block-image size-large\"><img loading=\"lazy\" width=\"1024\" height=\"768\" src=\"http:\/\/vierjemee.info\/wp-content\/uploads\/2019\/12\/20191220_204200-1024x768.jpg\" alt=\"\" class=\"wp-image-179\" srcset=\"http:\/\/vierjemee.info\/wp-content\/uploads\/2019\/12\/20191220_204200-1024x768.jpg 1024w, http:\/\/vierjemee.info\/wp-content\/uploads\/2019\/12\/20191220_204200-300x225.jpg 300w, http:\/\/vierjemee.info\/wp-content\/uploads\/2019\/12\/20191220_204200-768x576.jpg 768w, http:\/\/vierjemee.info\/wp-content\/uploads\/2019\/12\/20191220_204200-1536x1152.jpg 1536w, http:\/\/vierjemee.info\/wp-content\/uploads\/2019\/12\/20191220_204200-2048x1536.jpg 2048w\" sizes=\"(max-width: 767px) 89vw, (max-width: 1000px) 54vw, (max-width: 1071px) 543px, 580px\" \/><\/figure>\n\n\n\n<figure class=\"wp-block-image size-large is-style-circle-mask\"><img loading=\"lazy\" width=\"497\" height=\"1024\" src=\"http:\/\/vierjemee.info\/wp-content\/uploads\/2019\/12\/IMG-20191220-WA0039-497x1024.jpg\" alt=\"\" class=\"wp-image-181\" srcset=\"http:\/\/vierjemee.info\/wp-content\/uploads\/2019\/12\/IMG-20191220-WA0039-497x1024.jpg 497w, http:\/\/vierjemee.info\/wp-content\/uploads\/2019\/12\/IMG-20191220-WA0039-146x300.jpg 146w, http:\/\/vierjemee.info\/wp-content\/uploads\/2019\/12\/IMG-20191220-WA0039-768x1581.jpg 768w, http:\/\/vierjemee.info\/wp-content\/uploads\/2019\/12\/IMG-20191220-WA0039-746x1536.jpg 746w, http:\/\/vierjemee.info\/wp-content\/uploads\/2019\/12\/IMG-20191220-WA0039.jpg 777w\" sizes=\"(max-width: 497px) 100vw, 497px\" \/><\/figure>\n\n\n\n<figure class=\"wp-block-image size-large\"><img loading=\"lazy\" width=\"1024\" height=\"497\" src=\"http:\/\/vierjemee.info\/wp-content\/uploads\/2019\/12\/IMG-20191220-WA0034-1024x497.jpg\" alt=\"\" class=\"wp-image-183\" srcset=\"http:\/\/vierjemee.info\/wp-content\/uploads\/2019\/12\/IMG-20191220-WA0034-1024x497.jpg 1024w, http:\/\/vierjemee.info\/wp-content\/uploads\/2019\/12\/IMG-20191220-WA0034-300x146.jpg 300w, http:\/\/vierjemee.info\/wp-content\/uploads\/2019\/12\/IMG-20191220-WA0034-768x373.jpg 768w, http:\/\/vierjemee.info\/wp-content\/uploads\/2019\/12\/IMG-20191220-WA0034-1536x746.jpg 1536w, http:\/\/vierjemee.info\/wp-content\/uploads\/2019\/12\/IMG-20191220-WA0034.jpg 1600w\" sizes=\"(max-width: 767px) 89vw, (max-width: 1000px) 54vw, (max-width: 1071px) 543px, 580px\" \/><\/figure>\n\n\n\n<figure class=\"wp-block-image size-large\"><img loading=\"lazy\" width=\"1024\" height=\"497\" src=\"http:\/\/vierjemee.info\/wp-content\/uploads\/2019\/12\/IMG-20191220-WA0046-1024x497.jpg\" alt=\"\" class=\"wp-image-188\" srcset=\"http:\/\/vierjemee.info\/wp-content\/uploads\/2019\/12\/IMG-20191220-WA0046-1024x497.jpg 1024w, http:\/\/vierjemee.info\/wp-content\/uploads\/2019\/12\/IMG-20191220-WA0046-300x146.jpg 300w, http:\/\/vierjemee.info\/wp-content\/uploads\/2019\/12\/IMG-20191220-WA0046-768x373.jpg 768w, http:\/\/vierjemee.info\/wp-content\/uploads\/2019\/12\/IMG-20191220-WA0046-1536x746.jpg 1536w, http:\/\/vierjemee.info\/wp-content\/uploads\/2019\/12\/IMG-20191220-WA0046.jpg 1600w\" sizes=\"(max-width: 767px) 89vw, (max-width: 1000px) 54vw, (max-width: 1071px) 543px, 580px\" \/><\/figure>\n\n\n\n<figure class=\"wp-block-image size-large\"><img loading=\"lazy\" width=\"960\" height=\"640\" src=\"http:\/\/vierjemee.info\/wp-content\/uploads\/2019\/12\/79914684_10212207220296012_6020488385901101056_o.jpg\" alt=\"\" class=\"wp-image-190\" srcset=\"http:\/\/vierjemee.info\/wp-content\/uploads\/2019\/12\/79914684_10212207220296012_6020488385901101056_o.jpg 960w, http:\/\/vierjemee.info\/wp-content\/uploads\/2019\/12\/79914684_10212207220296012_6020488385901101056_o-300x200.jpg 300w, http:\/\/vierjemee.info\/wp-content\/uploads\/2019\/12\/79914684_10212207220296012_6020488385901101056_o-768x512.jpg 768w\" sizes=\"(max-width: 767px) 89vw, (max-width: 1000px) 54vw, (max-width: 1071px) 543px, 580px\" \/><figcaption>Bijna alle vrijwilligers in beeld<\/figcaption><\/figure>\n\n\n\n<figure class=\"wp-block-image size-large\"><img loading=\"lazy\" width=\"960\" height=\"640\" src=\"http:\/\/vierjemee.info\/wp-content\/uploads\/2019\/12\/79649147_2532960583590599_151787378351013888_o.jpg\" alt=\"\" class=\"wp-image-191\" srcset=\"http:\/\/vierjemee.info\/wp-content\/uploads\/2019\/12\/79649147_2532960583590599_151787378351013888_o.jpg 960w, http:\/\/vierjemee.info\/wp-content\/uploads\/2019\/12\/79649147_2532960583590599_151787378351013888_o-300x200.jpg 300w, http:\/\/vierjemee.info\/wp-content\/uploads\/2019\/12\/79649147_2532960583590599_151787378351013888_o-768x512.jpg 768w\" sizes=\"(max-width: 767px) 89vw, (max-width: 1000px) 54vw, (max-width: 1071px) 543px, 580px\" \/><\/figure>\n\n\n\n<figure class=\"wp-block-image size-large\"><img loading=\"lazy\" width=\"1024\" height=\"497\" src=\"http:\/\/vierjemee.info\/wp-content\/uploads\/2019\/12\/IMG-20191220-WA0044-1024x497.jpg\" alt=\"\" class=\"wp-image-193\" srcset=\"http:\/\/vierjemee.info\/wp-content\/uploads\/2019\/12\/IMG-20191220-WA0044-1024x497.jpg 1024w, http:\/\/vierjemee.info\/wp-content\/uploads\/2019\/12\/IMG-20191220-WA0044-300x146.jpg 300w, http:\/\/vierjemee.info\/wp-content\/uploads\/2019\/12\/IMG-20191220-WA0044-768x373.jpg 768w, http:\/\/vierjemee.info\/wp-content\/uploads\/2019\/12\/IMG-20191220-WA0044-1536x746.jpg 1536w, http:\/\/vierjemee.info\/wp-content\/uploads\/2019\/12\/IMG-20191220-WA0044.jpg 1600w\" sizes=\"(max-width: 767px) 89vw, (max-width: 1000px) 54vw, (max-width: 1071px) 543px, 580px\" \/><figcaption>de Grinch<\/figcaption><\/figure>\n","protected":false},"excerpt":{"rendered":"<p>Kerstfeest 2019Dit is het tweede jaar dat we dit organiseren. Dit jaar wilden we graag de ouderen, die veelal alleen zijn met de kerst, in het zonnetje zetten. Wat hebben we genoten met alle lieve gasten, hardwerkende vrijwilligers en de band Back2basic.We hebben een prachtige locatie kunnen vinden in Den Haag, het wijkgebouw Altheto.Wederom hebben &hellip; <\/p>\n<p class=\"link-more\"><a href=\"http:\/\/vierjemee.info\/?page_id=151\" class=\"more-link\"><span class=\"screen-reader-text\">&#8220;Verslag met beeldmateriaal 2019&#8221;<\/span> verder lezen<\/a><\/p>\n","protected":false},"author":1,"featured_media":0,"parent":0,"menu_order":0,"comment_status":"closed","ping_status":"closed","template":"","meta":[],"_links":{"self":[{"href":"http:\/\/vierjemee.info\/index.php?rest_route=\/wp\/v2\/pages\/151"}],"collection":[{"href":"http:\/\/vierjemee.info\/index.php?rest_route=\/wp\/v2\/pages"}],"about":[{"href":"http:\/\/vierjemee.info\/index.php?rest_route=\/wp\/v2\/types\/page"}],"author":[{"embeddable":true,"href":"http:\/\/vierjemee.info\/index.php?rest_route=\/wp\/v2\/users\/1"}],"replies":[{"embeddable":true,"href":"http:\/\/vierjemee.info\/index.php?rest_route=%2Fwp%2Fv2%2Fcomments&post=151"}],"version-history":[{"count":4,"href":"http:\/\/vierjemee.info\/index.php?rest_route=\/wp\/v2\/pages\/151\/revisions"}],"predecessor-version":[{"id":194,"href":"http:\/\/vierjemee.info\/index.php?rest_route=\/wp\/v2\/pages\/151\/revisions\/194"}],"wp:attachment":[{"href":"http:\/\/vierjemee.info\/index.php?rest_route=%2Fwp%2Fv2%2Fmedia&parent=151"}],"curies":[{"name":"wp","href":"https:\/\/api.w.org\/{rel}","templated":true}]}}